{"id":30,"date":"2020-01-08T17:43:26","date_gmt":"2020-01-08T20:43:26","guid":{"rendered":"https:\/\/bluegate.com.br\/blog\/?page_id=30"},"modified":"2020-03-16T23:24:41","modified_gmt":"2020-03-17T02:24:41","slug":"viagens-e-eventos-corporativos","status":"publish","type":"page","link":"https:\/\/bluegate.com.br\/blog\/","title":{"rendered":"Viagens e Eventos Corporativos em S\u00e3o Paulo"},"content":{"rendered":"","protected":false},"excerpt":{"rendered":"","protected":false},"author":2,"featured_media":0,"parent":0,"menu_order":0,"comment_status":"closed","ping_status":"closed","template":"page-wpsb-main.php","meta":{"_monsterinsights_skip_tracking":false,"_monsterinsights_sitenote_active":false,"_monsterinsights_sitenote_note":"","_monsterinsights_sitenote_category":0,"footnotes":""},"class_list":["post-30","page","type-page","status-publish","hentry"],"featured_image_urls_v2":{"full":"","thumbnail":"","medium":"","medium_large":"","large":"","1536x1536":"","2048x2048":"","wolfwp-thumb-small":"","wolfwp-thumb-medium":""},"post_excerpt_stackable_v2":"","category_list_v2":"","author_info_v2":{"name":"Blue Gate","url":"https:\/\/bluegate.com.br\/blog\/author\/blue-gate\/"},"comments_num_v2":"0 coment\u00e1rio","yoast_head":"<!-- This site is optimized with the Yoast SEO plugin v27.2 - https:\/\/yoast.com\/product\/yoast-seo-wordpress\/ -->\n<title>Viagens e Eventos Corporativos em S\u00e3o Paulo | Blog Blue Gate<\/title>\n<meta name=\"description\" content=\"Blog da Blue Gate sobre Viagens e Eventos Corporativos, log\u00edstica , Viagens de Incentivo e a\u00e7\u00f5es de Merchandising em ponto de venda.\" \/>\n<meta name=\"robots\" content=\"index, follow, max-snippet:-1, max-image-preview:large, max-video-preview:-1\" \/>\n<link rel=\"canonical\" href=\"https:\/\/bluegate.com.br\/blog\/\" \/>\n<meta property=\"og:locale\" content=\"pt_BR\" \/>\n<meta property=\"og:type\" content=\"article\" \/>\n<meta property=\"og:title\" content=\"Viagens e Eventos Corporativos em S\u00e3o Paulo | Blog Blue Gate\" \/>\n<meta property=\"og:description\" content=\"Blog da Blue Gate sobre Viagens e Eventos Corporativos, log\u00edstica , Viagens de Incentivo e a\u00e7\u00f5es de Merchandising em ponto de venda.\" \/>\n<meta property=\"og:url\" content=\"https:\/\/bluegate.com.br\/blog\/\" \/>\n<meta property=\"og:site_name\" content=\"Blog Blue Gate\" \/>\n<meta property=\"article:publisher\" content=\"https:\/\/www.facebook.com\/bluegatecompany\" \/>\n<meta property=\"article:modified_time\" content=\"2020-03-17T02:24:41+00:00\" \/>\n<meta name=\"twitter:card\" content=\"summary_large_image\" \/>\n<script type=\"application\/ld+json\" class=\"yoast-schema-graph\">{\"@context\":\"https:\/\/schema.org\",\"@graph\":[{\"@type\":\"WebPage\",\"@id\":\"https:\/\/bluegate.com.br\/blog\/\",\"url\":\"https:\/\/bluegate.com.br\/blog\/\",\"name\":\"Viagens e Eventos Corporativos em S\u00e3o Paulo | Blog Blue Gate\",\"isPartOf\":{\"@id\":\"https:\/\/bluegate.com.br\/blog\/#website\"},\"datePublished\":\"2020-01-08T20:43:26+00:00\",\"dateModified\":\"2020-03-17T02:24:41+00:00\",\"description\":\"Blog da Blue Gate sobre Viagens e Eventos Corporativos, log\u00edstica , Viagens de Incentivo e a\u00e7\u00f5es de Merchandising em ponto de venda.\",\"breadcrumb\":{\"@id\":\"https:\/\/bluegate.com.br\/blog\/#breadcrumb\"},\"inLanguage\":\"pt-BR\",\"potentialAction\":[{\"@type\":\"ReadAction\",\"target\":[\"https:\/\/bluegate.com.br\/blog\/\"]}]},{\"@type\":\"BreadcrumbList\",\"@id\":\"https:\/\/bluegate.com.br\/blog\/#breadcrumb\",\"itemListElement\":[{\"@type\":\"ListItem\",\"position\":1,\"name\":\"Home\",\"item\":\"https:\/\/bluegate.com.br\/blog\/\"},{\"@type\":\"ListItem\",\"position\":2,\"name\":\"Viagens e Eventos Corporativos em S\u00e3o Paulo\"}]},{\"@type\":\"WebSite\",\"@id\":\"https:\/\/bluegate.com.br\/blog\/#website\",\"url\":\"https:\/\/bluegate.com.br\/blog\/\",\"name\":\"Blog Blue Gate\",\"description\":\"Viagens e eventos corporativos\",\"publisher\":{\"@id\":\"https:\/\/bluegate.com.br\/blog\/#organization\"},\"potentialAction\":[{\"@type\":\"SearchAction\",\"target\":{\"@type\":\"EntryPoint\",\"urlTemplate\":\"https:\/\/bluegate.com.br\/blog\/?s={search_term_string}\"},\"query-input\":{\"@type\":\"PropertyValueSpecification\",\"valueRequired\":true,\"valueName\":\"search_term_string\"}}],\"inLanguage\":\"pt-BR\"},{\"@type\":\"Organization\",\"@id\":\"https:\/\/bluegate.com.br\/blog\/#organization\",\"name\":\"Blue Gate\",\"url\":\"https:\/\/bluegate.com.br\/blog\/\",\"logo\":{\"@type\":\"ImageObject\",\"inLanguage\":\"pt-BR\",\"@id\":\"https:\/\/bluegate.com.br\/blog\/#\/schema\/logo\/image\/\",\"url\":\"https:\/\/bluegate.com.br\/blog\/wp-content\/uploads\/2020\/01\/logo-bluegate-01.png\",\"contentUrl\":\"https:\/\/bluegate.com.br\/blog\/wp-content\/uploads\/2020\/01\/logo-bluegate-01.png\",\"width\":568,\"height\":263,\"caption\":\"Blue Gate\"},\"image\":{\"@id\":\"https:\/\/bluegate.com.br\/blog\/#\/schema\/logo\/image\/\"},\"sameAs\":[\"https:\/\/www.facebook.com\/bluegatecompany\",\"https:\/\/www.instagram.com\/bluegatecompany\/\",\"https:\/\/www.linkedin.com\/company\/blue-gate-company\",\"https:\/\/www.youtube.com\/channel\/UCd-ZlhQjDq8QC8qGKnfN44Q\"]}]}<\/script>\n<!-- \/ Yoast SEO plugin. -->","yoast_head_json":{"title":"Viagens e Eventos Corporativos em S\u00e3o Paulo | Blog Blue Gate","description":"Blog da Blue Gate sobre Viagens e Eventos Corporativos, log\u00edstica , Viagens de Incentivo e a\u00e7\u00f5es de Merchandising em ponto de venda.","robots":{"index":"index","follow":"follow","max-snippet":"max-snippet:-1","max-image-preview":"max-image-preview:large","max-video-preview":"max-video-preview:-1"},"canonical":"https:\/\/bluegate.com.br\/blog\/","og_locale":"pt_BR","og_type":"article","og_title":"Viagens e Eventos Corporativos em S\u00e3o Paulo | Blog Blue Gate","og_description":"Blog da Blue Gate sobre Viagens e Eventos Corporativos, log\u00edstica , Viagens de Incentivo e a\u00e7\u00f5es de Merchandising em ponto de venda.","og_url":"https:\/\/bluegate.com.br\/blog\/","og_site_name":"Blog Blue Gate","article_publisher":"https:\/\/www.facebook.com\/bluegatecompany","article_modified_time":"2020-03-17T02:24:41+00:00","twitter_card":"summary_large_image","schema":{"@context":"https:\/\/schema.org","@graph":[{"@type":"WebPage","@id":"https:\/\/bluegate.com.br\/blog\/","url":"https:\/\/bluegate.com.br\/blog\/","name":"Viagens e Eventos Corporativos em S\u00e3o Paulo | Blog Blue Gate","isPartOf":{"@id":"https:\/\/bluegate.com.br\/blog\/#website"},"datePublished":"2020-01-08T20:43:26+00:00","dateModified":"2020-03-17T02:24:41+00:00","description":"Blog da Blue Gate sobre Viagens e Eventos Corporativos, log\u00edstica , Viagens de Incentivo e a\u00e7\u00f5es de Merchandising em ponto de venda.","breadcrumb":{"@id":"https:\/\/bluegate.com.br\/blog\/#breadcrumb"},"inLanguage":"pt-BR","potentialAction":[{"@type":"ReadAction","target":["https:\/\/bluegate.com.br\/blog\/"]}]},{"@type":"BreadcrumbList","@id":"https:\/\/bluegate.com.br\/blog\/#breadcrumb","itemListElement":[{"@type":"ListItem","position":1,"name":"Home","item":"https:\/\/bluegate.com.br\/blog\/"},{"@type":"ListItem","position":2,"name":"Viagens e Eventos Corporativos em S\u00e3o Paulo"}]},{"@type":"WebSite","@id":"https:\/\/bluegate.com.br\/blog\/#website","url":"https:\/\/bluegate.com.br\/blog\/","name":"Blog Blue Gate","description":"Viagens e eventos corporativos","publisher":{"@id":"https:\/\/bluegate.com.br\/blog\/#organization"},"potentialAction":[{"@type":"SearchAction","target":{"@type":"EntryPoint","urlTemplate":"https:\/\/bluegate.com.br\/blog\/?s={search_term_string}"},"query-input":{"@type":"PropertyValueSpecification","valueRequired":true,"valueName":"search_term_string"}}],"inLanguage":"pt-BR"},{"@type":"Organization","@id":"https:\/\/bluegate.com.br\/blog\/#organization","name":"Blue Gate","url":"https:\/\/bluegate.com.br\/blog\/","logo":{"@type":"ImageObject","inLanguage":"pt-BR","@id":"https:\/\/bluegate.com.br\/blog\/#\/schema\/logo\/image\/","url":"https:\/\/bluegate.com.br\/blog\/wp-content\/uploads\/2020\/01\/logo-bluegate-01.png","contentUrl":"https:\/\/bluegate.com.br\/blog\/wp-content\/uploads\/2020\/01\/logo-bluegate-01.png","width":568,"height":263,"caption":"Blue Gate"},"image":{"@id":"https:\/\/bluegate.com.br\/blog\/#\/schema\/logo\/image\/"},"sameAs":["https:\/\/www.facebook.com\/bluegatecompany","https:\/\/www.instagram.com\/bluegatecompany\/","https:\/\/www.linkedin.com\/company\/blue-gate-company","https:\/\/www.youtube.com\/channel\/UCd-ZlhQjDq8QC8qGKnfN44Q"]}]}},"_links":{"self":[{"href":"https:\/\/bluegate.com.br\/blog\/wp-json\/wp\/v2\/pages\/30","targetHints":{"allow":["GET"]}}],"collection":[{"href":"https:\/\/bluegate.com.br\/blog\/wp-json\/wp\/v2\/pages"}],"about":[{"href":"https:\/\/bluegate.com.br\/blog\/wp-json\/wp\/v2\/types\/page"}],"author":[{"embeddable":true,"href":"https:\/\/bluegate.com.br\/blog\/wp-json\/wp\/v2\/users\/2"}],"replies":[{"embeddable":true,"href":"https:\/\/bluegate.com.br\/blog\/wp-json\/wp\/v2\/comments?post=30"}],"version-history":[{"count":4,"href":"https:\/\/bluegate.com.br\/blog\/wp-json\/wp\/v2\/pages\/30\/revisions"}],"predecessor-version":[{"id":45,"href":"https:\/\/bluegate.com.br\/blog\/wp-json\/wp\/v2\/pages\/30\/revisions\/45"}],"wp:attachment":[{"href":"https:\/\/bluegate.com.br\/blog\/wp-json\/wp\/v2\/media?parent=30"}],"curies":[{"name":"wp","href":"https:\/\/api.w.org\/{rel}","templated":true}]}}